{"id":960,"date":"2023-12-17T13:31:17","date_gmt":"2023-12-17T13:31:17","guid":{"rendered":"https:\/\/adwelle.com\/bedingungen-und-konditionen\/"},"modified":"2023-12-17T13:52:30","modified_gmt":"2023-12-17T13:52:30","slug":"bedingungen-und-konditionen","status":"publish","type":"page","link":"https:\/\/adwelle.com\/de\/bedingungen-und-konditionen\/","title":{"rendered":"Bedingungen und Konditionen"},"content":{"rendered":"\t\t<div data-elementor-type=\"wp-page\" data-elementor-id=\"960\" class=\"elementor elementor-960 elementor-958\">\n\t\t\t\t\t\t\t\t\t<section class=\"elementor-section elementor-top-section elementor-element elementor-element-ac524bb elementor-section-boxed elementor-section-height-default elementor-section-height-default\" data-id=\"ac524bb\" data-element_type=\"section\">\n\t\t\t\t\t\t<div class=\"elementor-container elementor-column-gap-default\">\n\t\t\t\t\t<div class=\"elementor-column elementor-col-100 elementor-top-column elementor-element elementor-element-60fd0cf\" data-id=\"60fd0cf\" data-element_type=\"column\">\n\t\t\t<div class=\"elementor-widget-wrap elementor-element-populated\">\n\t\t\t\t\t\t\t\t<div class=\"elementor-element elementor-element-cf147d5 elementor-widget elementor-widget-text-editor\" data-id=\"cf147d5\" data-element_type=\"widget\" data-widget_type=\"text-editor.default\">\n\t\t\t\t<div class=\"elementor-widget-container\">\n\t\t\t<style>\/*! elementor - v3.15.0 - 20-08-2023 *\/\n.elementor-widget-text-editor.elementor-drop-cap-view-stacked .elementor-drop-cap{background-color:#69727d;color:#fff}.elementor-widget-text-editor.elementor-drop-cap-view-framed .elementor-drop-cap{color:#69727d;border:3px solid;background-color:transparent}.elementor-widget-text-editor:not(.elementor-drop-cap-view-default) .elementor-drop-cap{margin-top:8px}.elementor-widget-text-editor:not(.elementor-drop-cap-view-default) .elementor-drop-cap-letter{width:1em;height:1em}.elementor-widget-text-editor .elementor-drop-cap{float:left;text-align:center;line-height:1;font-size:50px}.elementor-widget-text-editor .elementor-drop-cap-letter{display:inline-block}<\/style>\t\t\t\t<p>Zuletzt aktualisiert: Dezember 17, 2023<\/p>\n<p>Willkommen auf der Website der Adwelle GmbH. Die folgenden Bedingungen regeln Ihre Nutzung unserer Website. Durch die Nutzung dieser Website erkl\u00e4ren Sie sich mit diesen Bedingungen einverstanden<\/p>\n\t\t\t\t\t\t<\/div>\n\t\t\t\t<\/div>\n\t\t\t\t\t<\/div>\n\t\t<\/div>\n\t\t\t\t\t\t\t<\/div>\n\t\t<\/section>\n\t\t\t\t<section class=\"elementor-section elementor-top-section elementor-element elementor-element-e077925 elementor-section-boxed elementor-section-height-default elementor-section-height-default\" data-id=\"e077925\" data-element_type=\"section\">\n\t\t\t\t\t\t<div class=\"elementor-container elementor-column-gap-default\">\n\t\t\t\t\t<div class=\"elementor-column elementor-col-100 elementor-top-column elementor-element elementor-element-e30a219\" data-id=\"e30a219\" data-element_type=\"column\">\n\t\t\t<div class=\"elementor-widget-wrap elementor-element-populated\">\n\t\t\t\t\t\t\t\t<div class=\"elementor-element elementor-element-b0dc950 elementor-widget elementor-widget-heading\" data-id=\"b0dc950\" data-element_type=\"widget\" data-widget_type=\"heading.default\">\n\t\t\t\t<div class=\"elementor-widget-container\">\n\t\t\t<style>\/*! elementor - v3.15.0 - 20-08-2023 *\/\n.elementor-heading-title{padding:0;margin:0;line-height:1}.elementor-widget-heading .elementor-heading-title[class*=elementor-size-]>a{color:inherit;font-size:inherit;line-height:inherit}.elementor-widget-heading .elementor-heading-title.elementor-size-small{font-size:15px}.elementor-widget-heading .elementor-heading-title.elementor-size-medium{font-size:19px}.elementor-widget-heading .elementor-heading-title.elementor-size-large{font-size:29px}.elementor-widget-heading .elementor-heading-title.elementor-size-xl{font-size:39px}.elementor-widget-heading .elementor-heading-title.elementor-size-xxl{font-size:59px}<\/style><h2 class=\"elementor-heading-title elementor-size-default\">Geistiges Eigentum<\/h2>\t\t<\/div>\n\t\t\t\t<\/div>\n\t\t\t\t<div class=\"elementor-element elementor-element-500bf8b elementor-widget elementor-widget-text-editor\" data-id=\"500bf8b\" data-element_type=\"widget\" data-widget_type=\"text-editor.default\">\n\t\t\t\t<div class=\"elementor-widget-container\">\n\t\t\t\t\t\t\t<p>Der Inhalt dieser Website, einschlie\u00dflich Texten, Grafiken, Logos, Bildern, Software und anderen Inhalten, ist durch Urheberrechte, Marken und andere geistige Eigentumsrechte gesch\u00fctzt. Jede Nutzung, Vervielf\u00e4ltigung oder Verbreitung ohne vorherige schriftliche Zustimmung der Adwelle GmbH ist untersagt.<\/p>\n\t\t\t\t\t\t<\/div>\n\t\t\t\t<\/div>\n\t\t\t\t\t<\/div>\n\t\t<\/div>\n\t\t\t\t\t\t\t<\/div>\n\t\t<\/section>\n\t\t\t\t<section class=\"elementor-section elementor-top-section elementor-element elementor-element-62d9e25 elementor-section-boxed elementor-section-height-default elementor-section-height-default\" data-id=\"62d9e25\" data-element_type=\"section\">\n\t\t\t\t\t\t<div class=\"elementor-container elementor-column-gap-default\">\n\t\t\t\t\t<div class=\"elementor-column elementor-col-100 elementor-top-column elementor-element elementor-element-a7d59bb\" data-id=\"a7d59bb\" data-element_type=\"column\">\n\t\t\t<div class=\"elementor-widget-wrap elementor-element-populated\">\n\t\t\t\t\t\t\t\t<div class=\"elementor-element elementor-element-eefb825 elementor-widget elementor-widget-heading\" data-id=\"eefb825\" data-element_type=\"widget\" data-widget_type=\"heading.default\">\n\t\t\t\t<div class=\"elementor-widget-container\">\n\t\t\t<h2 class=\"elementor-heading-title elementor-size-default\">Verlinkte Websites<\/h2>\t\t<\/div>\n\t\t\t\t<\/div>\n\t\t\t\t<div class=\"elementor-element elementor-element-faebcd6 elementor-widget elementor-widget-text-editor\" data-id=\"faebcd6\" data-element_type=\"widget\" data-widget_type=\"text-editor.default\">\n\t\t\t\t<div class=\"elementor-widget-container\">\n\t\t\t\t\t\t\t<p>Unsere Website kann Links zu Websites Dritter enthalten. Diese Links werden nur zu Ihrem Nutzen bereitgestellt. Die Adwelle GmbH hat keine Kontrolle \u00fcber den Inhalt dieser Websites Dritter und \u00fcbernimmt keine Verantwortung f\u00fcr deren Inhalt.<\/p>\n\t\t\t\t\t\t<\/div>\n\t\t\t\t<\/div>\n\t\t\t\t\t<\/div>\n\t\t<\/div>\n\t\t\t\t\t\t\t<\/div>\n\t\t<\/section>\n\t\t\t\t<section class=\"elementor-section elementor-top-section elementor-element elementor-element-f3b2de1 elementor-section-boxed elementor-section-height-default elementor-section-height-default\" data-id=\"f3b2de1\" data-element_type=\"section\">\n\t\t\t\t\t\t<div class=\"elementor-container elementor-column-gap-default\">\n\t\t\t\t\t<div class=\"elementor-column elementor-col-100 elementor-top-column elementor-element elementor-element-2ecf4bb\" data-id=\"2ecf4bb\" data-element_type=\"column\">\n\t\t\t<div class=\"elementor-widget-wrap elementor-element-populated\">\n\t\t\t\t\t\t\t\t<div class=\"elementor-element elementor-element-6bca176 elementor-widget elementor-widget-heading\" data-id=\"6bca176\" data-element_type=\"widget\" data-widget_type=\"heading.default\">\n\t\t\t\t<div class=\"elementor-widget-container\">\n\t\t\t<h2 class=\"elementor-heading-title elementor-size-default\">Haftungsausschluss<\/h2>\t\t<\/div>\n\t\t\t\t<\/div>\n\t\t\t\t<div class=\"elementor-element elementor-element-e5d4bb4 elementor-widget elementor-widget-text-editor\" data-id=\"e5d4bb4\" data-element_type=\"widget\" data-widget_type=\"text-editor.default\">\n\t\t\t\t<div class=\"elementor-widget-container\">\n\t\t\t\t\t\t\t<p>Die Nutzung unserer Website erfolgt auf eigene Gefahr. Wir \u00fcbernehmen keine Gew\u00e4hr f\u00fcr die Richtigkeit, Vollst\u00e4ndigkeit und Aktualit\u00e4t der auf der Website bereitgestellten Informationen. Die Adwelle GmbH haftet nicht f\u00fcr Sch\u00e4den, die durch die Nutzung dieser Website entstehen.<\/p>\n\t\t\t\t\t\t<\/div>\n\t\t\t\t<\/div>\n\t\t\t\t\t<\/div>\n\t\t<\/div>\n\t\t\t\t\t\t\t<\/div>\n\t\t<\/section>\n\t\t\t\t<section class=\"elementor-section elementor-top-section elementor-element elementor-element-eeef5cb elementor-section-boxed elementor-section-height-default elementor-section-height-default\" data-id=\"eeef5cb\" data-element_type=\"section\">\n\t\t\t\t\t\t<div class=\"elementor-container elementor-column-gap-default\">\n\t\t\t\t\t<div class=\"elementor-column elementor-col-100 elementor-top-column elementor-element elementor-element-780fbd8\" data-id=\"780fbd8\" data-element_type=\"column\">\n\t\t\t<div class=\"elementor-widget-wrap elementor-element-populated\">\n\t\t\t\t\t\t\t\t<div class=\"elementor-element elementor-element-63ce0be elementor-widget elementor-widget-heading\" data-id=\"63ce0be\" data-element_type=\"widget\" data-widget_type=\"heading.default\">\n\t\t\t\t<div class=\"elementor-widget-container\">\n\t\t\t<h2 class=\"elementor-heading-title elementor-size-default\">Datenschutz<\/h2>\t\t<\/div>\n\t\t\t\t<\/div>\n\t\t\t\t<div class=\"elementor-element elementor-element-a6f5917 elementor-widget elementor-widget-text-editor\" data-id=\"a6f5917\" data-element_type=\"widget\" data-widget_type=\"text-editor.default\">\n\t\t\t\t<div class=\"elementor-widget-container\">\n\t\t\t\t\t\t\t<p>Die Nutzung dieser Website unterliegt unserer Datenschutzrichtlinie. Durch die Nutzung unserer Website erkl\u00e4ren Sie sich mit der Erfassung, Verarbeitung und Nutzung Ihrer pers\u00f6nlichen Daten gem\u00e4\u00df unserer Datenschutzrichtlinie einverstanden.<\/p>\n\t\t\t\t\t\t<\/div>\n\t\t\t\t<\/div>\n\t\t\t\t\t<\/div>\n\t\t<\/div>\n\t\t\t\t\t\t\t<\/div>\n\t\t<\/section>\n\t\t\t\t<section class=\"elementor-section elementor-top-section elementor-element elementor-element-bd1e9ff elementor-section-boxed elementor-section-height-default elementor-section-height-default\" data-id=\"bd1e9ff\" data-element_type=\"section\">\n\t\t\t\t\t\t<div class=\"elementor-container elementor-column-gap-default\">\n\t\t\t\t\t<div class=\"elementor-column elementor-col-100 elementor-top-column elementor-element elementor-element-0e5d1aa\" data-id=\"0e5d1aa\" data-element_type=\"column\">\n\t\t\t<div class=\"elementor-widget-wrap elementor-element-populated\">\n\t\t\t\t\t\t\t\t<div class=\"elementor-element elementor-element-1dbb455 elementor-widget elementor-widget-heading\" data-id=\"1dbb455\" data-element_type=\"widget\" data-widget_type=\"heading.default\">\n\t\t\t\t<div class=\"elementor-widget-container\">\n\t\t\t<h2 class=\"elementor-heading-title elementor-size-default\">\u00c4nderungen der Bedingungen und Konditionen<\/h2>\t\t<\/div>\n\t\t\t\t<\/div>\n\t\t\t\t<div class=\"elementor-element elementor-element-ad26477 elementor-widget elementor-widget-text-editor\" data-id=\"ad26477\" data-element_type=\"widget\" data-widget_type=\"text-editor.default\">\n\t\t\t\t<div class=\"elementor-widget-container\">\n\t\t\t\t\t\t\t<p>Die Adwelle GmbH beh\u00e4lt sich das Recht vor, diese Bedingungen jederzeit zu \u00e4ndern. \u00c4nderungen werden auf dieser Seite bekannt gegeben, und es liegt in Ihrer Verantwortung, sie regelm\u00e4\u00dfig zu \u00fcberpr\u00fcfen. Indem Sie die Website nach der Ver\u00f6ffentlichung von \u00c4nderungen weiter nutzen, erkl\u00e4ren Sie sich mit den ge\u00e4nderten Bedingungen einverstanden.<\/p>\n\t\t\t\t\t\t<\/div>\n\t\t\t\t<\/div>\n\t\t\t\t\t<\/div>\n\t\t<\/div>\n\t\t\t\t\t\t\t<\/div>\n\t\t<\/section>\n\t\t\t\t<section class=\"elementor-section elementor-top-section elementor-element elementor-element-c12228a elementor-section-boxed elementor-section-height-default elementor-section-height-default\" data-id=\"c12228a\" data-element_type=\"section\">\n\t\t\t\t\t\t<div class=\"elementor-container elementor-column-gap-default\">\n\t\t\t\t\t<div class=\"elementor-column elementor-col-100 elementor-top-column elementor-element elementor-element-39617c7\" data-id=\"39617c7\" data-element_type=\"column\">\n\t\t\t<div class=\"elementor-widget-wrap elementor-element-populated\">\n\t\t\t\t\t\t\t\t<div class=\"elementor-element elementor-element-c4bdfc4 elementor-widget elementor-widget-heading\" data-id=\"c4bdfc4\" data-element_type=\"widget\" data-widget_type=\"heading.default\">\n\t\t\t\t<div class=\"elementor-widget-container\">\n\t\t\t<h2 class=\"elementor-heading-title elementor-size-default\">Kontakt<\/h2>\t\t<\/div>\n\t\t\t\t<\/div>\n\t\t\t\t<div class=\"elementor-element elementor-element-0559b3f elementor-widget elementor-widget-text-editor\" data-id=\"0559b3f\" data-element_type=\"widget\" data-widget_type=\"text-editor.default\">\n\t\t\t\t<div class=\"elementor-widget-container\">\n\t\t\t\t\t\t\t<p>Wenn Sie Fragen oder Bedenken bez\u00fcglich dieser Bedingungen haben, kontaktieren Sie uns bitte unter <a href=\"mailto:info@adwelle.com\">info@adwelle.com.<\/a><\/p>\n\t\t\t\t\t\t<\/div>\n\t\t\t\t<\/div>\n\t\t\t\t\t<\/div>\n\t\t<\/div>\n\t\t\t\t\t\t\t<\/div>\n\t\t<\/section>\n\t\t\t\t\t\t\t<\/div>\n\t\t","protected":false},"excerpt":{"rendered":"<p>Zuletzt aktualisiert: Dezember 17, 2023 Willkommen auf der Website der Adwelle GmbH. Die folgenden Bedingungen regeln Ihre Nutzung unserer Website. Durch die Nutzung dieser Website erkl\u00e4ren Sie sich mit diesen Bedingungen einverstanden Geistiges Eigentum Der Inhalt dieser Website, einschlie\u00dflich Texten, Grafiken, Logos, Bildern, Software und anderen Inhalten, ist durch Urheberrechte, Marken und andere geistige Eigentumsrechte [&hellip;]<\/p>\n","protected":false},"author":1,"featured_media":0,"parent":0,"menu_order":0,"comment_status":"closed","ping_status":"closed","template":"","meta":{"footnotes":""},"class_list":["post-960","page","type-page","status-publish","hentry"],"_links":{"self":[{"href":"https:\/\/adwelle.com\/de\/wp-json\/wp\/v2\/pages\/960","targetHints":{"allow":["GET"]}}],"collection":[{"href":"https:\/\/adwelle.com\/de\/wp-json\/wp\/v2\/pages"}],"about":[{"href":"https:\/\/adwelle.com\/de\/wp-json\/wp\/v2\/types\/page"}],"author":[{"embeddable":true,"href":"https:\/\/adwelle.com\/de\/wp-json\/wp\/v2\/users\/1"}],"replies":[{"embeddable":true,"href":"https:\/\/adwelle.com\/de\/wp-json\/wp\/v2\/comments?post=960"}],"version-history":[{"count":7,"href":"https:\/\/adwelle.com\/de\/wp-json\/wp\/v2\/pages\/960\/revisions"}],"predecessor-version":[{"id":975,"href":"https:\/\/adwelle.com\/de\/wp-json\/wp\/v2\/pages\/960\/revisions\/975"}],"wp:attachment":[{"href":"https:\/\/adwelle.com\/de\/wp-json\/wp\/v2\/media?parent=960"}],"curies":[{"name":"wp","href":"https:\/\/api.w.org\/{rel}","templated":true}]}}